{"id":110,"date":"2023-09-21T09:47:58","date_gmt":"2023-09-21T14:47:58","guid":{"rendered":"https:\/\/casasvipquito.com\/?page_id=110"},"modified":"2025-05-13T15:48:31","modified_gmt":"2025-05-13T20:48:31","slug":"contactos-2","status":"publish","type":"page","link":"https:\/\/casasvipquito.com\/index.php\/contactos-2\/","title":{"rendered":"Contactos"},"content":{"rendered":"<p>[et_pb_section fb_built=\u00bb1&#8243; fullwidth=\u00bbon\u00bb _builder_version=\u00bb4.22.1&#8243; background_image=\u00bbhttp:\/\/casasvipquito.com\/wp-content\/uploads\/2023\/09\/R1-1-scaled.jpg\u00bb height=\u00bb522px\u00bb custom_padding=\u00bb||258px|||\u00bb global_colors_info=\u00bb{}\u00bb][\/et_pb_section][et_pb_section fb_built=\u00bb1&#8243; _builder_version=\u00bb4.16&#8243; custom_padding=\u00bb100px|0px|100px|0px\u00bb global_colors_info=\u00bb{}\u00bb][et_pb_row column_structure=\u00bb2_3,1_3&#8243; use_custom_gutter=\u00bbon\u00bb gutter_width=\u00bb1&#8243; admin_label=\u00bbContact\u00bb _builder_version=\u00bb4.22.1&#8243; background_color_gradient_direction=\u00bb90deg\u00bb background_size=\u00bbinitial\u00bb background_position=\u00bbtop_left\u00bb background_repeat=\u00bbrepeat\u00bb transform_scale_linked=\u00bboff\u00bb min_height=\u00bb801.8px\u00bb height=\u00bb709px\u00bb custom_margin=\u00bb-3.7%|auto||auto|false|false\u00bb custom_padding=\u00bb0px|0px|0px|6px|false|false\u00bb animation_style=\u00bbslide\u00bb animation_direction=\u00bbbottom\u00bb animation_intensity_slide=\u00bb4%\u00bb border_radii=\u00bbon|15px|15px|15px|15px\u00bb box_shadow_style=\u00bbpreset3&#8243; box_shadow_vertical=\u00bb58px\u00bb box_shadow_blur=\u00bb58px\u00bb box_shadow_color=\u00bbrgba(0,0,0,0.1)\u00bb global_colors_info=\u00bb{}\u00bb][et_pb_column type=\u00bb2_3&#8243; _builder_version=\u00bb4.16&#8243; custom_padding=\u00bb|||\u00bb global_colors_info=\u00bb{}\u00bb custom_padding__hover=\u00bb|||\u00bb][et_pb_heading title=\u00bbFORMULARIO DE CONTACTO\u00bb admin_label=\u00bbT\u00edtulo\u00bb _builder_version=\u00bb4.22.1&#8243; _module_preset=\u00bbdefault\u00bb title_font=\u00bb|700|||||||\u00bb title_text_align=\u00bbcenter\u00bb title_font_size=\u00bb37px\u00bb custom_margin=\u00bb62px||62px||true|false\u00bb global_colors_info=\u00bb{}\u00bb][\/et_pb_heading][et_pb_code _builder_version=\u00bb4.22.1&#8243; _module_preset=\u00bbdefault\u00bb custom_margin=\u00bb13px||||false|false\u00bb global_colors_info=\u00bb{}\u00bb]<script charset=\"utf-8\" type=\"text\/javascript\" src=\"\/\/js.hsforms.net\/forms\/embed\/v2.js\"><\/script><!-- [et_pb_line_break_holder] --><script><!-- [et_pb_line_break_holder] -->  hbspt.forms.create({<!-- [et_pb_line_break_holder] -->    region: \"na1\",<!-- [et_pb_line_break_holder] -->    portalId: \"43916725\",<!-- [et_pb_line_break_holder] -->    formId: \"cb2bf407-82f8-4e0a-b14b-421808b1b9a2\"<!-- [et_pb_line_break_holder] -->  });<!-- [et_pb_line_break_holder] --><\/script>[\/et_pb_code][\/et_pb_column][et_pb_column type=\u00bb1_3&#8243; _builder_version=\u00bb4.22.1&#8243; use_background_color_gradient=\u00bbon\u00bb background_color_gradient_stops=\u00bb#000000 1%|rgba(0,0,0,0.34) 100%\u00bb background_color_gradient_overlays_image=\u00bbon\u00bb background_color_gradient_start=\u00bb#3c39e5&#8243; background_color_gradient_end=\u00bbrgba(60,57,229,0.87)\u00bb background_image=\u00bbhttp:\/\/casasvipquito.com\/wp-content\/uploads\/2023\/09\/COMEDOR-COCINA.jpg\u00bb custom_padding=\u00bb70px||310px|\u00bb global_colors_info=\u00bb{}\u00bb custom_padding__hover=\u00bb|||\u00bb][et_pb_text _builder_version=\u00bb4.22.1&#8243; text_font=\u00bbRoboto||||||||\u00bb text_font_size=\u00bb16px\u00bb text_line_height=\u00bb1.8em\u00bb header_font=\u00bb||||||||\u00bb header_2_font=\u00bbLato|700|||||||\u00bb header_2_font_size=\u00bb32px\u00bb header_2_line_height=\u00bb1.4em\u00bb background_layout=\u00bbdark\u00bb custom_margin=\u00bb|||\u00bb custom_padding=\u00bb||1px|40px||\u00bb hover_enabled=\u00bb0&#8243; global_colors_info=\u00bb{}\u00bb sticky_enabled=\u00bb0&#8243;]<\/p>\n<h2>Sala de Ventas Proyecto<\/h2>\n<p><strong>Direcci\u00f3n:<\/strong><span>\u00a0<\/span>De los Huairagchuros y de Los Halcones (Pasaje 2)<\/p>\n<p><strong>Sector:<\/strong><span>\u00a0<\/span>Marianitas de Calder\u00f3n<\/p>\n<p>099 742 9109<\/p>\n<p>ventas@casasvipquito.com<\/p>\n<p>[\/et_pb_text][et_pb_text _builder_version=\u00bb4.22.1&#8243; text_font=\u00bbRoboto||||||||\u00bb text_font_size=\u00bb16px\u00bb text_line_height=\u00bb1.8em\u00bb header_font=\u00bb||||||||\u00bb header_2_font=\u00bbLato|700|||||||\u00bb header_2_font_size=\u00bb32px\u00bb header_2_line_height=\u00bb1.4em\u00bb background_layout=\u00bbdark\u00bb custom_margin=\u00bb|||\u00bb custom_padding=\u00bb|||40px\u00bb global_colors_info=\u00bb{}\u00bb]<\/p>\n<h2><\/h2>\n<h2><\/h2>\n<h2>Oficina Administrativa<\/h2>\n<p>Av. Rep\u00fablica y Pradera<\/p>\n<p>Edificio Torre Rep\u00fablica Of. 801<\/p>\n<p>022 382 &#8211; 4312<\/p>\n<p>ventas@casasvipquito.com<\/p>\n<p>[\/et_pb_text][\/et_pb_column][\/et_pb_row][\/et_pb_section][et_pb_section fb_built=\u00bb1&#8243; _builder_version=\u00bb4.22.1&#8243; _module_preset=\u00bbdefault\u00bb global_colors_info=\u00bb{}\u00bb][et_pb_row _builder_version=\u00bb4.22.1&#8243; _module_preset=\u00bbdefault\u00bb global_colors_info=\u00bb{}\u00bb][et_pb_column type=\u00bb4_4&#8243; _builder_version=\u00bb4.22.1&#8243; _module_preset=\u00bbdefault\u00bb global_colors_info=\u00bb{}\u00bb][et_pb_code _builder_version=\u00bb4.22.1&#8243; _module_preset=\u00bbdefault\u00bb transform_scale=\u00bb124%|124%\u00bb transform_translate=\u00bb3px|3px\u00bb text_orientation=\u00bbcenter\u00bb global_colors_info=\u00bb{}\u00bb]<iframe src=\"https:\/\/www.google.com\/maps\/embed?pb=!1m18!1m12!1m3!1d3989.8146274300652!2d-78.41753842502341!3d-0.07795529992127391!2m3!1f0!2f0!3f0!3m2!1i1024!2i768!4f13.1!3m3!1m2!1s0x91d58fe4020ef9fb%3A0x6fcecd7dfeaac735!2sConjunto%20Prados%20II%20Club%20Residence!5e0!3m2!1ses-419!2sec!4v1696441623370!5m2!1ses-419!2sec\" width=\"600\" height=\"450\" style=\"border:0;\" allowfullscreen=\"\" loading=\"lazy\" referrerpolicy=\"no-referrer-when-downgrade\"><\/iframe>[\/et_pb_code][\/et_pb_column][\/et_pb_row][\/et_pb_section]<\/p>\n","protected":false},"excerpt":{"rendered":"<p>Sala de Ventas Proyecto Direcci\u00f3n:\u00a0De los Huairagchuros y de Los Halcones (Pasaje 2) Sector:\u00a0Marianitas de Calder\u00f3n 099 742 9109 ventas@casasvipquito.com Oficina Administrativa Av. Rep\u00fablica y Pradera Edificio Torre Rep\u00fablica Of. 801 022 382 &#8211; 4312 ventas@casasvipquito.com<\/p>\n","protected":false},"author":1,"featured_media":0,"parent":0,"menu_order":0,"comment_status":"closed","ping_status":"closed","template":"","meta":{"_et_pb_use_builder":"on","_et_pb_old_content":"","_et_gb_content_width":"","content-type":"","footnotes":"","_joinchat":[]},"yoast_head":"<!-- This site is optimized with the Yoast SEO plugin v22.5 - https:\/\/yoast.com\/wordpress\/plugins\/seo\/ -->\n<title>Contactos - Prados Club Residence II<\/title>\n<meta name=\"robots\" content=\"index, follow, max-snippet:-1, max-image-preview:large, max-video-preview:-1\" \/>\n<link rel=\"canonical\" href=\"https:\/\/casasvipquito.com\/index.php\/contactos-2\/\" \/>\n<meta property=\"og:locale\" content=\"es_ES\" \/>\n<meta property=\"og:type\" content=\"article\" \/>\n<meta property=\"og:title\" content=\"Contactos - Prados Club Residence II\" \/>\n<meta property=\"og:description\" content=\"Sala de Ventas Proyecto Direcci\u00f3n:\u00a0De los Huairagchuros y de Los Halcones (Pasaje 2) Sector:\u00a0Marianitas de Calder\u00f3n 099 742 9109 ventas@casasvipquito.com Oficina Administrativa Av. Rep\u00fablica y Pradera Edificio Torre Rep\u00fablica Of. 801 022 382 - 4312 ventas@casasvipquito.com\" \/>\n<meta property=\"og:url\" content=\"https:\/\/casasvipquito.com\/index.php\/contactos-2\/\" \/>\n<meta property=\"og:site_name\" content=\"Prados Club Residence II\" \/>\n<meta property=\"article:publisher\" content=\"https:\/\/www.facebook.com\/krea.constructores1\" \/>\n<meta property=\"article:modified_time\" content=\"2025-05-13T20:48:31+00:00\" \/>\n<meta name=\"twitter:card\" content=\"summary_large_image\" \/>\n<meta name=\"twitter:label1\" content=\"Tiempo de lectura\" \/>\n\t<meta name=\"twitter:data1\" content=\"2 minutos\" \/>\n<script type=\"application\/ld+json\" class=\"yoast-schema-graph\">{\"@context\":\"https:\/\/schema.org\",\"@graph\":[{\"@type\":\"WebPage\",\"@id\":\"https:\/\/casasvipquito.com\/index.php\/contactos-2\/\",\"url\":\"https:\/\/casasvipquito.com\/index.php\/contactos-2\/\",\"name\":\"Contactos - Prados Club Residence II\",\"isPartOf\":{\"@id\":\"https:\/\/casasvipquito.com\/#website\"},\"datePublished\":\"2023-09-21T14:47:58+00:00\",\"dateModified\":\"2025-05-13T20:48:31+00:00\",\"breadcrumb\":{\"@id\":\"https:\/\/casasvipquito.com\/index.php\/contactos-2\/#breadcrumb\"},\"inLanguage\":\"es\",\"potentialAction\":[{\"@type\":\"ReadAction\",\"target\":[\"https:\/\/casasvipquito.com\/index.php\/contactos-2\/\"]}]},{\"@type\":\"BreadcrumbList\",\"@id\":\"https:\/\/casasvipquito.com\/index.php\/contactos-2\/#breadcrumb\",\"itemListElement\":[{\"@type\":\"ListItem\",\"position\":1,\"name\":\"Portada\",\"item\":\"https:\/\/casasvipquito.com\/\"},{\"@type\":\"ListItem\",\"position\":2,\"name\":\"Contactos\"}]},{\"@type\":\"WebSite\",\"@id\":\"https:\/\/casasvipquito.com\/#website\",\"url\":\"https:\/\/casasvipquito.com\/\",\"name\":\"Krea Constructores\",\"description\":\"Casas VIP en Quito\",\"publisher\":{\"@id\":\"https:\/\/casasvipquito.com\/#organization\"},\"potentialAction\":[{\"@type\":\"SearchAction\",\"target\":{\"@type\":\"EntryPoint\",\"urlTemplate\":\"https:\/\/casasvipquito.com\/?s={search_term_string}\"},\"query-input\":\"required name=search_term_string\"}],\"inLanguage\":\"es\"},{\"@type\":\"Organization\",\"@id\":\"https:\/\/casasvipquito.com\/#organization\",\"name\":\"Krea Constructores\",\"url\":\"https:\/\/casasvipquito.com\/\",\"logo\":{\"@type\":\"ImageObject\",\"inLanguage\":\"es\",\"@id\":\"https:\/\/casasvipquito.com\/#\/schema\/logo\/image\/\",\"url\":\"https:\/\/casasvipquito.com\/wp-content\/uploads\/2023\/10\/krea-logo2023v2-01.png\",\"contentUrl\":\"https:\/\/casasvipquito.com\/wp-content\/uploads\/2023\/10\/krea-logo2023v2-01.png\",\"width\":10630,\"height\":10040,\"caption\":\"Krea Constructores\"},\"image\":{\"@id\":\"https:\/\/casasvipquito.com\/#\/schema\/logo\/image\/\"},\"sameAs\":[\"https:\/\/www.facebook.com\/krea.constructores1\",\"https:\/\/www.instagram.com\/kreaconstructores\/\"]}]}<\/script>\n<!-- \/ Yoast SEO plugin. -->","yoast_head_json":{"title":"Contactos - Prados Club Residence II","robots":{"index":"index","follow":"follow","max-snippet":"max-snippet:-1","max-image-preview":"max-image-preview:large","max-video-preview":"max-video-preview:-1"},"canonical":"https:\/\/casasvipquito.com\/index.php\/contactos-2\/","og_locale":"es_ES","og_type":"article","og_title":"Contactos - Prados Club Residence II","og_description":"Sala de Ventas Proyecto Direcci\u00f3n:\u00a0De los Huairagchuros y de Los Halcones (Pasaje 2) Sector:\u00a0Marianitas de Calder\u00f3n 099 742 9109 ventas@casasvipquito.com Oficina Administrativa Av. Rep\u00fablica y Pradera Edificio Torre Rep\u00fablica Of. 801 022 382 - 4312 ventas@casasvipquito.com","og_url":"https:\/\/casasvipquito.com\/index.php\/contactos-2\/","og_site_name":"Prados Club Residence II","article_publisher":"https:\/\/www.facebook.com\/krea.constructores1","article_modified_time":"2025-05-13T20:48:31+00:00","twitter_card":"summary_large_image","twitter_misc":{"Tiempo de lectura":"2 minutos"},"schema":{"@context":"https:\/\/schema.org","@graph":[{"@type":"WebPage","@id":"https:\/\/casasvipquito.com\/index.php\/contactos-2\/","url":"https:\/\/casasvipquito.com\/index.php\/contactos-2\/","name":"Contactos - Prados Club Residence II","isPartOf":{"@id":"https:\/\/casasvipquito.com\/#website"},"datePublished":"2023-09-21T14:47:58+00:00","dateModified":"2025-05-13T20:48:31+00:00","breadcrumb":{"@id":"https:\/\/casasvipquito.com\/index.php\/contactos-2\/#breadcrumb"},"inLanguage":"es","potentialAction":[{"@type":"ReadAction","target":["https:\/\/casasvipquito.com\/index.php\/contactos-2\/"]}]},{"@type":"BreadcrumbList","@id":"https:\/\/casasvipquito.com\/index.php\/contactos-2\/#breadcrumb","itemListElement":[{"@type":"ListItem","position":1,"name":"Portada","item":"https:\/\/casasvipquito.com\/"},{"@type":"ListItem","position":2,"name":"Contactos"}]},{"@type":"WebSite","@id":"https:\/\/casasvipquito.com\/#website","url":"https:\/\/casasvipquito.com\/","name":"Krea Constructores","description":"Casas VIP en Quito","publisher":{"@id":"https:\/\/casasvipquito.com\/#organization"},"potentialAction":[{"@type":"SearchAction","target":{"@type":"EntryPoint","urlTemplate":"https:\/\/casasvipquito.com\/?s={search_term_string}"},"query-input":"required name=search_term_string"}],"inLanguage":"es"},{"@type":"Organization","@id":"https:\/\/casasvipquito.com\/#organization","name":"Krea Constructores","url":"https:\/\/casasvipquito.com\/","logo":{"@type":"ImageObject","inLanguage":"es","@id":"https:\/\/casasvipquito.com\/#\/schema\/logo\/image\/","url":"https:\/\/casasvipquito.com\/wp-content\/uploads\/2023\/10\/krea-logo2023v2-01.png","contentUrl":"https:\/\/casasvipquito.com\/wp-content\/uploads\/2023\/10\/krea-logo2023v2-01.png","width":10630,"height":10040,"caption":"Krea Constructores"},"image":{"@id":"https:\/\/casasvipquito.com\/#\/schema\/logo\/image\/"},"sameAs":["https:\/\/www.facebook.com\/krea.constructores1","https:\/\/www.instagram.com\/kreaconstructores\/"]}]}},"_links":{"self":[{"href":"https:\/\/casasvipquito.com\/index.php\/wp-json\/wp\/v2\/pages\/110"}],"collection":[{"href":"https:\/\/casasvipquito.com\/index.php\/wp-json\/wp\/v2\/pages"}],"about":[{"href":"https:\/\/casasvipquito.com\/index.php\/wp-json\/wp\/v2\/types\/page"}],"author":[{"embeddable":true,"href":"https:\/\/casasvipquito.com\/index.php\/wp-json\/wp\/v2\/users\/1"}],"replies":[{"embeddable":true,"href":"https:\/\/casasvipquito.com\/index.php\/wp-json\/wp\/v2\/comments?post=110"}],"version-history":[{"count":24,"href":"https:\/\/casasvipquito.com\/index.php\/wp-json\/wp\/v2\/pages\/110\/revisions"}],"predecessor-version":[{"id":508,"href":"https:\/\/casasvipquito.com\/index.php\/wp-json\/wp\/v2\/pages\/110\/revisions\/508"}],"wp:attachment":[{"href":"https:\/\/casasvipquito.com\/index.php\/wp-json\/wp\/v2\/media?parent=110"}],"curies":[{"name":"wp","href":"https:\/\/api.w.org\/{rel}","templated":true}]}}