{"id":124,"date":"2023-09-21T10:28:46","date_gmt":"2023-09-21T15:28:46","guid":{"rendered":"https:\/\/casasvipquito.com\/?page_id=124"},"modified":"2025-05-13T15:45:24","modified_gmt":"2025-05-13T20:45:24","slug":"nuestra-empresa","status":"publish","type":"page","link":"https:\/\/casasvipquito.com\/index.php\/nuestra-empresa\/","title":{"rendered":"Nuestra Empresa"},"content":{"rendered":"<p>[et_pb_section fb_built=\u00bb1&#8243; admin_label=\u00bbHero section\u00bb _builder_version=\u00bb4.22.1&#8243; use_background_color_gradient=\u00bbon\u00bb background_color_gradient_stops=\u00bbrgba(150,105,97,0.67) 0%|rgba(2,0,76,0.84) 100%\u00bb background_color_gradient_overlays_image=\u00bbon\u00bb background_color_gradient_start=\u00bbrgba(150,105,97,0.67)\u00bb background_color_gradient_end=\u00bbrgba(2,0,76,0.84)\u00bb background_image=\u00bbhttp:\/\/casasvipquito.com\/wp-content\/uploads\/2023\/10\/Copia-de-IMG_20231006_110453.png\u00bb background_position=\u00bbtop_center\u00bb height=\u00bb469px\u00bb custom_margin=\u00bb-4px||||false|false\u00bb custom_padding=\u00bb34%||10%||false|false\u00bb global_colors_info=\u00bb{}\u00bb][et_pb_row column_structure=\u00bb2_3,1_3&#8243; _builder_version=\u00bb4.22.1&#8243; custom_margin=\u00bb-81px||||false|false\u00bb global_colors_info=\u00bb{}\u00bb][et_pb_column type=\u00bb2_3&#8243; _builder_version=\u00bb4.16&#8243; custom_padding=\u00bb1px|||\u00bb global_colors_info=\u00bb{}\u00bb custom_padding__hover=\u00bb|||\u00bb][\/et_pb_column][et_pb_column type=\u00bb1_3&#8243; _builder_version=\u00bb4.16&#8243; custom_padding=\u00bb|||\u00bb global_colors_info=\u00bb{}\u00bb custom_padding__hover=\u00bb|||\u00bb][et_pb_image src=\u00bbhttp:\/\/casasvipquito.com\/wp-content\/uploads\/2023\/10\/krea-logo2023v2-02.png\u00bb title_text=\u00bbkrea logo2023v2-02&#8243; show_bottom_space=\u00bboff\u00bb _builder_version=\u00bb4.22.1&#8243; _module_preset=\u00bbdefault\u00bb custom_margin=\u00bb-367px||1px||false|false\u00bb global_colors_info=\u00bb{}\u00bb][\/et_pb_image][\/et_pb_column][\/et_pb_row][\/et_pb_section][et_pb_section fb_built=\u00bb1&#8243; _builder_version=\u00bb4.16&#8243; background_color=\u00bbrgba(0,0,0,0.03)\u00bb background_position=\u00bbtop_center\u00bb custom_margin=\u00bb|||\u00bb custom_padding=\u00bb100px||100px|\u00bb global_colors_info=\u00bb{}\u00bb][et_pb_row _builder_version=\u00bb4.16&#8243; custom_margin=\u00bb|||\u00bb locked=\u00bboff\u00bb global_colors_info=\u00bb{}\u00bb][et_pb_column type=\u00bb4_4&#8243; _builder_version=\u00bb4.16&#8243; custom_padding=\u00bb|||\u00bb global_colors_info=\u00bb{}\u00bb custom_padding__hover=\u00bb|||\u00bb][et_pb_text _builder_version=\u00bb4.22.1&#8243; text_font=\u00bbLato||||||||\u00bb text_text_color=\u00bb#898f99&#8243; text_font_size=\u00bb15px\u00bb text_line_height=\u00bb2em\u00bb header_font=\u00bb||||||||\u00bb header_2_font=\u00bbLato|700|||||||\u00bb header_2_font_size=\u00bb42px\u00bb header_2_line_height=\u00bb1.5em\u00bb transform_scale=\u00bb116%|116%\u00bb text_orientation=\u00bbcenter\u00bb max_width=\u00bb800px\u00bb module_alignment=\u00bbcenter\u00bb height=\u00bb449px\u00bb custom_margin=\u00bb-35px|0px||0px|false|false\u00bb custom_padding=\u00bb|0px||0px|false|false\u00bb locked=\u00bboff\u00bb global_colors_info=\u00bb{}\u00bb]<\/p>\n<h2>\u00a0NUESTRA HISTORIA<\/h2>\n<p>KREA CONSTRUCTORES es una empresa que nace el objetivo de contribuir al desarrollo de comunidades a trav\u00e9s de la construcci\u00f3n de hogares que cumplan con altos est\u00e1ndares de calidad, funcionalidad y dise\u00f1o. A lo largo del tiempo, hemos visto a familias enteras encontrar refugio en nuestros hogares, vidas transformadas y sue\u00f1os cumplidos.<br \/>Nuestra constructora es un lugar donde los valores de esfuerzo, trabajo y ayuda social se entrelazan en cada proyecto que emprendemos. Nos esforzamos por crear empleos y viviendas que brinden comodidad y alegr\u00eda a las familias de nuestra comunidad.<br \/>Nuestro equipo, d\u00eda a d\u00eda, trabaja con pasi\u00f3n y empe\u00f1o para llevar a cabo esta visi\u00f3n compartida. Creemos en la importancia de trabajar juntos para alcanzar un objetivo m\u00e1s grande: construir un lugar donde todos pueden sentirse en casa.<br \/>Esta es la historia de una empresa que, a trav\u00e9s de valores s\u00f3lidos y esfuerzo continuo, ha logrado marcar una diferencia en la vida de las personas. Te invitamos a ser parte de este viaje, donde el esfuerzo y el compromiso son el pilar de un futuro m\u00e1s inspirador y prometedor.<\/p>\n<p>[\/et_pb_text][\/et_pb_column][\/et_pb_row][\/et_pb_section][et_pb_section fb_built=\u00bb1&#8243; admin_label=\u00bbHero section\u00bb _builder_version=\u00bb4.22.1&#8243; use_background_color_gradient=\u00bbon\u00bb background_color_gradient_stops=\u00bbrgba(150,105,97,0.67) 0%|rgba(2,0,76,0.84) 100%\u00bb background_color_gradient_overlays_image=\u00bbon\u00bb background_color_gradient_start=\u00bbrgba(150,105,97,0.67)\u00bb background_color_gradient_end=\u00bbrgba(2,0,76,0.84)\u00bb background_image=\u00bbhttp:\/\/casasvipquito.com\/wp-content\/uploads\/2023\/10\/IMG_20231006_111429-scaled.jpg\u00bb custom_margin=\u00bb|||\u00bb custom_padding=\u00bb8%||10%||false|false\u00bb global_colors_info=\u00bb{}\u00bb][et_pb_row _builder_version=\u00bb4.16&#8243; custom_margin=\u00bb|||\u00bb global_colors_info=\u00bb{}\u00bb][et_pb_column type=\u00bb4_4&#8243; _builder_version=\u00bb4.16&#8243; custom_padding=\u00bb|||\u00bb global_colors_info=\u00bb{}\u00bb custom_padding__hover=\u00bb|||\u00bb][et_pb_cta title=\u00bbcasas vip en quito\u00bb button_url=\u00bbhttps:\/\/wa.link\/dq6l06&#8243; url_new_window=\u00bbon\u00bb button_text=\u00bbContactar un asesor\u00bb _builder_version=\u00bb4.22.1&#8243; header_font=\u00bbLato|900||on|||||\u00bb header_font_size=\u00bb48px\u00bb header_letter_spacing=\u00bb2px\u00bb header_line_height=\u00bb1.2em\u00bb body_font=\u00bbLato||||||||\u00bb body_font_size=\u00bb20px\u00bb body_line_height=\u00bb1.8em\u00bb use_background_color=\u00bboff\u00bb custom_button=\u00bbon\u00bb button_text_size=\u00bb16px\u00bb button_text_color=\u00bb#ffffff\u00bb button_bg_color=\u00bb#83b641&#8243; button_border_width=\u00bb6px\u00bb button_border_color=\u00bb#83b641&#8243; button_border_radius=\u00bb5px\u00bb button_letter_spacing=\u00bb2px\u00bb button_font=\u00bbLato|900||on|||||\u00bb button_icon=\u00bb&#xf232;||fa||400&#8243; max_width=\u00bb750px\u00bb module_alignment=\u00bbcenter\u00bb animation_style=\u00bbfold\u00bb hover_enabled=\u00bb0&#8243; header_font_size_tablet=\u00bb40px\u00bb header_font_size_phone=\u00bb\u00bb header_font_size_last_edited=\u00bbon|tablet\u00bb header_text_shadow_style=\u00bbpreset1&#8243; header_text_shadow_blur_strength=\u00bb0.6em\u00bb header_text_shadow_color=\u00bbrgba(0,0,0,0.24)\u00bb box_shadow_style_button=\u00bbpreset3&#8243; box_shadow_blur_button=\u00bb30px\u00bb box_shadow_spread_button=\u00bb8px\u00bb box_shadow_color_button=\u00bbrgba(250,127,40,0.15)\u00bb button_letter_spacing_hover=\u00bb2px\u00bb global_colors_info=\u00bb{}\u00bb button_text_size__hover_enabled=\u00bboff\u00bb button_one_text_size__hover_enabled=\u00bboff\u00bb button_two_text_size__hover_enabled=\u00bboff\u00bb button_text_color__hover_enabled=\u00bboff\u00bb button_one_text_color__hover_enabled=\u00bboff\u00bb button_two_text_color__hover_enabled=\u00bboff\u00bb button_border_width__hover_enabled=\u00bboff\u00bb button_one_border_width__hover_enabled=\u00bboff\u00bb button_two_border_width__hover_enabled=\u00bboff\u00bb button_border_color__hover_enabled=\u00bboff\u00bb button_one_border_color__hover_enabled=\u00bboff\u00bb button_two_border_color__hover_enabled=\u00bboff\u00bb button_border_radius__hover_enabled=\u00bboff\u00bb button_one_border_radius__hover_enabled=\u00bboff\u00bb button_two_border_radius__hover_enabled=\u00bboff\u00bb button_letter_spacing__hover_enabled=\u00bbon\u00bb button_letter_spacing__hover=\u00bb2px\u00bb button_one_letter_spacing__hover_enabled=\u00bboff\u00bb button_two_letter_spacing__hover_enabled=\u00bboff\u00bb button_bg_color__hover_enabled=\u00bboff\u00bb button_one_bg_color__hover_enabled=\u00bboff\u00bb button_two_bg_color__hover_enabled=\u00bboff\u00bb sticky_enabled=\u00bb0&#8243;]<\/p>\n<p>Nuestros asesores comerciales est\u00e1n listos para brindarte toda la informaci\u00f3n que necesitas \u00a1Escr\u00edbenos!<\/p>\n<p>[\/et_pb_cta][\/et_pb_column][\/et_pb_row][\/et_pb_section]<\/p>\n","protected":false},"excerpt":{"rendered":"<p>\u00a0NUESTRA HISTORIA KREA CONSTRUCTORES es una empresa que nace el objetivo de contribuir al desarrollo de comunidades a trav\u00e9s de la construcci\u00f3n de hogares que cumplan con altos est\u00e1ndares de calidad, funcionalidad y dise\u00f1o. A lo largo del tiempo, hemos visto a familias enteras encontrar refugio en nuestros hogares, vidas transformadas y sue\u00f1os cumplidos.Nuestra constructora [&hellip;]<\/p>\n","protected":false},"author":1,"featured_media":0,"parent":0,"menu_order":0,"comment_status":"closed","ping_status":"closed","template":"","meta":{"_et_pb_use_builder":"on","_et_pb_old_content":"","_et_gb_content_width":"","content-type":"","footnotes":"","_joinchat":[]},"yoast_head":"<!-- This site is optimized with the Yoast SEO plugin v22.5 - https:\/\/yoast.com\/wordpress\/plugins\/seo\/ -->\n<title>Nuestra Empresa - Prados Club Residence II<\/title>\n<meta name=\"robots\" content=\"index, follow, max-snippet:-1, max-image-preview:large, max-video-preview:-1\" \/>\n<link rel=\"canonical\" href=\"https:\/\/casasvipquito.com\/index.php\/nuestra-empresa\/\" \/>\n<meta property=\"og:locale\" content=\"es_ES\" \/>\n<meta property=\"og:type\" content=\"article\" \/>\n<meta property=\"og:title\" content=\"Nuestra Empresa - Prados Club Residence II\" \/>\n<meta property=\"og:description\" content=\"\u00a0NUESTRA HISTORIA KREA CONSTRUCTORES es una empresa que nace el objetivo de contribuir al desarrollo de comunidades a trav\u00e9s de la construcci\u00f3n de hogares que cumplan con altos est\u00e1ndares de calidad, funcionalidad y dise\u00f1o. A lo largo del tiempo, hemos visto a familias enteras encontrar refugio en nuestros hogares, vidas transformadas y sue\u00f1os cumplidos.Nuestra constructora [&hellip;]\" \/>\n<meta property=\"og:url\" content=\"https:\/\/casasvipquito.com\/index.php\/nuestra-empresa\/\" \/>\n<meta property=\"og:site_name\" content=\"Prados Club Residence II\" \/>\n<meta property=\"article:publisher\" content=\"https:\/\/www.facebook.com\/krea.constructores1\" \/>\n<meta property=\"article:modified_time\" content=\"2025-05-13T20:45:24+00:00\" \/>\n<meta name=\"twitter:card\" content=\"summary_large_image\" \/>\n<meta name=\"twitter:label1\" content=\"Tiempo de lectura\" \/>\n\t<meta name=\"twitter:data1\" content=\"2 minutos\" \/>\n<script type=\"application\/ld+json\" class=\"yoast-schema-graph\">{\"@context\":\"https:\/\/schema.org\",\"@graph\":[{\"@type\":\"WebPage\",\"@id\":\"https:\/\/casasvipquito.com\/index.php\/nuestra-empresa\/\",\"url\":\"https:\/\/casasvipquito.com\/index.php\/nuestra-empresa\/\",\"name\":\"Nuestra Empresa - Prados Club Residence II\",\"isPartOf\":{\"@id\":\"https:\/\/casasvipquito.com\/#website\"},\"datePublished\":\"2023-09-21T15:28:46+00:00\",\"dateModified\":\"2025-05-13T20:45:24+00:00\",\"breadcrumb\":{\"@id\":\"https:\/\/casasvipquito.com\/index.php\/nuestra-empresa\/#breadcrumb\"},\"inLanguage\":\"es\",\"potentialAction\":[{\"@type\":\"ReadAction\",\"target\":[\"https:\/\/casasvipquito.com\/index.php\/nuestra-empresa\/\"]}]},{\"@type\":\"BreadcrumbList\",\"@id\":\"https:\/\/casasvipquito.com\/index.php\/nuestra-empresa\/#breadcrumb\",\"itemListElement\":[{\"@type\":\"ListItem\",\"position\":1,\"name\":\"Portada\",\"item\":\"https:\/\/casasvipquito.com\/\"},{\"@type\":\"ListItem\",\"position\":2,\"name\":\"Nuestra Empresa\"}]},{\"@type\":\"WebSite\",\"@id\":\"https:\/\/casasvipquito.com\/#website\",\"url\":\"https:\/\/casasvipquito.com\/\",\"name\":\"Krea Constructores\",\"description\":\"Casas VIP en Quito\",\"publisher\":{\"@id\":\"https:\/\/casasvipquito.com\/#organization\"},\"potentialAction\":[{\"@type\":\"SearchAction\",\"target\":{\"@type\":\"EntryPoint\",\"urlTemplate\":\"https:\/\/casasvipquito.com\/?s={search_term_string}\"},\"query-input\":\"required name=search_term_string\"}],\"inLanguage\":\"es\"},{\"@type\":\"Organization\",\"@id\":\"https:\/\/casasvipquito.com\/#organization\",\"name\":\"Krea Constructores\",\"url\":\"https:\/\/casasvipquito.com\/\",\"logo\":{\"@type\":\"ImageObject\",\"inLanguage\":\"es\",\"@id\":\"https:\/\/casasvipquito.com\/#\/schema\/logo\/image\/\",\"url\":\"https:\/\/casasvipquito.com\/wp-content\/uploads\/2023\/10\/krea-logo2023v2-01.png\",\"contentUrl\":\"https:\/\/casasvipquito.com\/wp-content\/uploads\/2023\/10\/krea-logo2023v2-01.png\",\"width\":10630,\"height\":10040,\"caption\":\"Krea Constructores\"},\"image\":{\"@id\":\"https:\/\/casasvipquito.com\/#\/schema\/logo\/image\/\"},\"sameAs\":[\"https:\/\/www.facebook.com\/krea.constructores1\",\"https:\/\/www.instagram.com\/kreaconstructores\/\"]}]}<\/script>\n<!-- \/ Yoast SEO plugin. -->","yoast_head_json":{"title":"Nuestra Empresa - Prados Club Residence II","robots":{"index":"index","follow":"follow","max-snippet":"max-snippet:-1","max-image-preview":"max-image-preview:large","max-video-preview":"max-video-preview:-1"},"canonical":"https:\/\/casasvipquito.com\/index.php\/nuestra-empresa\/","og_locale":"es_ES","og_type":"article","og_title":"Nuestra Empresa - Prados Club Residence II","og_description":"\u00a0NUESTRA HISTORIA KREA CONSTRUCTORES es una empresa que nace el objetivo de contribuir al desarrollo de comunidades a trav\u00e9s de la construcci\u00f3n de hogares que cumplan con altos est\u00e1ndares de calidad, funcionalidad y dise\u00f1o. A lo largo del tiempo, hemos visto a familias enteras encontrar refugio en nuestros hogares, vidas transformadas y sue\u00f1os cumplidos.Nuestra constructora [&hellip;]","og_url":"https:\/\/casasvipquito.com\/index.php\/nuestra-empresa\/","og_site_name":"Prados Club Residence II","article_publisher":"https:\/\/www.facebook.com\/krea.constructores1","article_modified_time":"2025-05-13T20:45:24+00:00","twitter_card":"summary_large_image","twitter_misc":{"Tiempo de lectura":"2 minutos"},"schema":{"@context":"https:\/\/schema.org","@graph":[{"@type":"WebPage","@id":"https:\/\/casasvipquito.com\/index.php\/nuestra-empresa\/","url":"https:\/\/casasvipquito.com\/index.php\/nuestra-empresa\/","name":"Nuestra Empresa - Prados Club Residence II","isPartOf":{"@id":"https:\/\/casasvipquito.com\/#website"},"datePublished":"2023-09-21T15:28:46+00:00","dateModified":"2025-05-13T20:45:24+00:00","breadcrumb":{"@id":"https:\/\/casasvipquito.com\/index.php\/nuestra-empresa\/#breadcrumb"},"inLanguage":"es","potentialAction":[{"@type":"ReadAction","target":["https:\/\/casasvipquito.com\/index.php\/nuestra-empresa\/"]}]},{"@type":"BreadcrumbList","@id":"https:\/\/casasvipquito.com\/index.php\/nuestra-empresa\/#breadcrumb","itemListElement":[{"@type":"ListItem","position":1,"name":"Portada","item":"https:\/\/casasvipquito.com\/"},{"@type":"ListItem","position":2,"name":"Nuestra Empresa"}]},{"@type":"WebSite","@id":"https:\/\/casasvipquito.com\/#website","url":"https:\/\/casasvipquito.com\/","name":"Krea Constructores","description":"Casas VIP en Quito","publisher":{"@id":"https:\/\/casasvipquito.com\/#organization"},"potentialAction":[{"@type":"SearchAction","target":{"@type":"EntryPoint","urlTemplate":"https:\/\/casasvipquito.com\/?s={search_term_string}"},"query-input":"required name=search_term_string"}],"inLanguage":"es"},{"@type":"Organization","@id":"https:\/\/casasvipquito.com\/#organization","name":"Krea Constructores","url":"https:\/\/casasvipquito.com\/","logo":{"@type":"ImageObject","inLanguage":"es","@id":"https:\/\/casasvipquito.com\/#\/schema\/logo\/image\/","url":"https:\/\/casasvipquito.com\/wp-content\/uploads\/2023\/10\/krea-logo2023v2-01.png","contentUrl":"https:\/\/casasvipquito.com\/wp-content\/uploads\/2023\/10\/krea-logo2023v2-01.png","width":10630,"height":10040,"caption":"Krea Constructores"},"image":{"@id":"https:\/\/casasvipquito.com\/#\/schema\/logo\/image\/"},"sameAs":["https:\/\/www.facebook.com\/krea.constructores1","https:\/\/www.instagram.com\/kreaconstructores\/"]}]}},"_links":{"self":[{"href":"https:\/\/casasvipquito.com\/index.php\/wp-json\/wp\/v2\/pages\/124"}],"collection":[{"href":"https:\/\/casasvipquito.com\/index.php\/wp-json\/wp\/v2\/pages"}],"about":[{"href":"https:\/\/casasvipquito.com\/index.php\/wp-json\/wp\/v2\/types\/page"}],"author":[{"embeddable":true,"href":"https:\/\/casasvipquito.com\/index.php\/wp-json\/wp\/v2\/users\/1"}],"replies":[{"embeddable":true,"href":"https:\/\/casasvipquito.com\/index.php\/wp-json\/wp\/v2\/comments?post=124"}],"version-history":[{"count":14,"href":"https:\/\/casasvipquito.com\/index.php\/wp-json\/wp\/v2\/pages\/124\/revisions"}],"predecessor-version":[{"id":505,"href":"https:\/\/casasvipquito.com\/index.php\/wp-json\/wp\/v2\/pages\/124\/revisions\/505"}],"wp:attachment":[{"href":"https:\/\/casasvipquito.com\/index.php\/wp-json\/wp\/v2\/media?parent=124"}],"curies":[{"name":"wp","href":"https:\/\/api.w.org\/{rel}","templated":true}]}}